{"id":734,"date":"2021-03-23T12:45:51","date_gmt":"2021-03-23T12:45:51","guid":{"rendered":"https:\/\/solis-turizem.com\/?page_id=734"},"modified":"2021-03-25T10:36:19","modified_gmt":"2021-03-25T10:36:19","slug":"terms-of-use","status":"publish","type":"page","link":"https:\/\/solis-turizem.com\/de\/terms-of-use\/","title":{"rendered":"Bedingungen f\u00fcr die Nutzung"},"content":{"rendered":"<div data-elementor-type=\"wp-post\" data-elementor-id=\"734\" class=\"elementor elementor-734\">\n\t\t\t\t\t\t\t\t\t<section class=\"elementor-section elementor-top-section elementor-element elementor-element-298ec99 elementor-section-content-middle elementor-section-boxed elementor-section-height-default elementor-section-height-default\" data-id=\"298ec99\" data-element_type=\"section\" data-settings=\"{&quot;background_background&quot;:&quot;classic&quot;}\">\n\t\t\t\t\t\t\t<div class=\"elementor-background-overlay\"><\/div>\n\t\t\t\t\t\t\t<div class=\"elementor-container elementor-column-gap-no\">\n\t\t\t\t\t<div class=\"elementor-column elementor-col-100 elementor-top-column elementor-element elementor-element-428c03b\" data-id=\"428c03b\" data-element_type=\"column\">\n\t\t\t<div class=\"elementor-widget-wrap\">\n\t\t\t\t\t\t\t\t\t<\/div>\n\t\t<\/div>\n\t\t\t\t\t\t\t<\/div>\n\t\t<\/section>\n\t\t\t\t<section class=\"elementor-section elementor-top-section elementor-element elementor-element-3bf7016 elementor-section-content-middle elementor-section-boxed elementor-section-height-default elementor-section-height-default\" data-id=\"3bf7016\" data-element_type=\"section\">\n\t\t\t\t\t\t<div class=\"elementor-container elementor-column-gap-no\">\n\t\t\t\t\t<div class=\"elementor-column elementor-col-100 elementor-top-column elementor-element elementor-element-84a8a48\" data-id=\"84a8a48\" data-element_type=\"column\">\n\t\t\t<div class=\"elementor-widget-wrap elementor-element-populated\">\n\t\t\t\t\t\t\t\t<div class=\"elementor-element elementor-element-b433301 elementor-widget elementor-widget-heading\" data-id=\"b433301\" data-element_type=\"widget\" data-widget_type=\"heading.default\">\n\t\t\t\t<div class=\"elementor-widget-container\">\n\t\t\t<h2 class=\"elementor-heading-title elementor-size-default\">Bedingungen f\u00fcr die Nutzung<\/h2>\t\t<\/div>\n\t\t\t\t<\/div>\n\t\t\t\t\t<\/div>\n\t\t<\/div>\n\t\t\t\t\t\t\t<\/div>\n\t\t<\/section>\n\t\t\t\t<section class=\"elementor-section elementor-top-section elementor-element elementor-element-a4fb2d5 elementor-section-content-top elementor-section-boxed elementor-section-height-default elementor-section-height-default\" data-id=\"a4fb2d5\" data-element_type=\"section\" data-settings=\"{&quot;background_background&quot;:&quot;classic&quot;}\">\n\t\t\t\t\t\t<div class=\"elementor-container elementor-column-gap-no\">\n\t\t\t\t\t<div class=\"elementor-column elementor-col-100 elementor-top-column elementor-element elementor-element-381034a\" data-id=\"381034a\" data-element_type=\"column\">\n\t\t\t<div class=\"elementor-widget-wrap elementor-element-populated\">\n\t\t\t\t\t\t\t\t<div class=\"elementor-element elementor-element-49ac4ac elementor-widget elementor-widget-text-editor\" data-id=\"49ac4ac\" data-element_type=\"widget\" data-widget_type=\"text-editor.default\">\n\t\t\t\t<div class=\"elementor-widget-container\">\n\t\t\t\t\t\t\t<p>SOLIS TURIZEM UR\u0160KA PODGOR\u0160EK S.P.<br \/>MARIBORSKA CESTA 88 , 3000 CELJE, EU - SLOVENIJA<br \/>Umsatzsteuer-Identifikationsnummer: SI42339600, Registrierungsnummer: 6011870000<\/p><p><strong>Allgemeine Bedingungen f\u00fcr die Erbringung von Unterkunftsleistungen<\/strong><\/p><p><strong>1. INHALT DES ANGEBOTS<\/strong><br \/>SOLIS TURIZEM UR\u0160KA PODGOR\u0160EK S.P., Mariborska cesta 88, 3000 Celje, EU-Slovenija (im weiteren Text die Agentur) versichert dem Gast die Unterkunftsleistung gem\u00e4\u00df den Informationen, die auf der Seite www.solis-turizem.com, und auch in \u00dcbereinstimmung mit dem Zeitraum und den Details der best\u00e4tigten Reservierung, au\u00dfer im Falle von Krankheit oder Tod des Gastgebers oder seiner engsten Familie; und auch die Agentur haftet nicht f\u00fcr Bedingungen h\u00f6herer Gewalt, die nicht vorhergesehen oder beseitigt werden k\u00f6nnen (Naturkatastrophen: Erdbeben, \u00dcberschwemmungen, Br\u00e4nde, D\u00fcrren, Kriege, Streiks, Terrorakte und Einschr\u00e4nkungen, die von der Regierung erlassen werden: Mobilisierung, Verbot, das Land zu verlassen).<\/p><p><strong>2. BUCHUNG UND BEZAHLUNG<\/strong><br \/>Anfragen und Buchungen f\u00fcr Unterk\u00fcnfte werden elektronisch, per E-Mail oder pers\u00f6nlich in den B\u00fcros der Agentur entgegengenommen.<br \/>Mit der Buchung best\u00e4tigt der Gast, dass er die Allgemeinen Gesch\u00e4ftsbedingungen vollst\u00e4ndig akzeptiert. Das hei\u00dft, dass alles, was in den Allgemeinen Gesch\u00e4ftsbedingungen steht, sowohl f\u00fcr den Gast als auch f\u00fcr die Agentur rechtsverbindlich wird. Die Agentur stellt dem Gast alle f\u00fcr die Reise relevanten Informationen zur Verf\u00fcgung und bietet ihm auch das Reiseversicherungspaket sowie die Stornoversicherung an. Bei der Buchung ist der Gast verpflichtet, alle im Buchungsvorgang erforderlichen Angaben zu machen.<br \/>Um die Buchung zu best\u00e4tigen, ist es notwendig, die Anzahlung je nach Zahlungsmethode zu bezahlen. Der Restbetrag muss mindestens 15 Tage vor dem Anreisedatum oder direkt an den Gastgeber bei der Ankunft bezahlt werden. Der Gast wird bei der Best\u00e4tigung der Reservierung \u00fcber die Zahlungsarten informiert.<\/p><p><strong>Die Bezahlung kann erfolgen:<\/strong><\/p><p>- Zahlung \u00fcber Bankkonto<br \/>- PayPal<br \/>- Zahlung in bar<br \/>- \u00fcber Kreditkarte<\/p>\t\t\t\t\t\t<\/div>\n\t\t\t\t<\/div>\n\t\t\t\t\t<\/div>\n\t\t<\/div>\n\t\t\t\t\t\t\t<\/div>\n\t\t<\/section>\n\t\t\t\t\t\t\t<\/div>","protected":false},"excerpt":{"rendered":"<p>Nutzungsbedingungen SOLIS TURIZEM UR\u0160KA PODGOR\u0160EK S.P.MARIBORSKA CESTA 88 , 3000 CELJE, EU - SLOVENIJAVAT Nr: SI42339600, Registrierungsnummer: 6011870000 Allgemeine Bedingungen f\u00fcr die Erbringung von Unterkunftsdienstleistungen 1. INHALT DES ANGEBOTSOLIS TURIZEM UR\u0160KA PODGOR\u0160EK S.P., Mariborska cesta 88, 3000 Celje, EU-Slovenija (im weiteren Text die Agentur) versichert dem Gast die Unterkunftsleistung gem\u00e4\u00df ...<\/p>\n<p class=\"read-more\"> <a class=\"\" href=\"https:\/\/solis-turizem.com\/de\/terms-of-use\/\"> <span class=\"screen-reader-text\">Bedingungen f\u00fcr die Nutzung<\/span> Mehr lesen \"<\/a><\/p>","protected":false},"author":1,"featured_media":0,"parent":0,"menu_order":0,"comment_status":"closed","ping_status":"closed","template":"","meta":{"site-sidebar-layout":"no-sidebar","site-content-layout":"page-builder","ast-global-header-display":"","ast-main-header-display":"","ast-hfb-above-header-display":"","ast-hfb-below-header-display":"","ast-hfb-mobile-header-display":"","site-post-title":"disabled","ast-breadcrumbs-content":"","ast-featured-img":"disabled","footer-sml-layout":"","theme-transparent-header-meta":"enabled","adv-header-id-meta":"","stick-header-meta":"","header-above-stick-meta":"","header-main-stick-meta":"","header-below-stick-meta":"","footnotes":""},"class_list":["post-734","page","type-page","status-publish","hentry"],"_links":{"self":[{"href":"https:\/\/solis-turizem.com\/de\/wp-json\/wp\/v2\/pages\/734","targetHints":{"allow":["GET"]}}],"collection":[{"href":"https:\/\/solis-turizem.com\/de\/wp-json\/wp\/v2\/pages"}],"about":[{"href":"https:\/\/solis-turizem.com\/de\/wp-json\/wp\/v2\/types\/page"}],"author":[{"embeddable":true,"href":"https:\/\/solis-turizem.com\/de\/wp-json\/wp\/v2\/users\/1"}],"replies":[{"embeddable":true,"href":"https:\/\/solis-turizem.com\/de\/wp-json\/wp\/v2\/comments?post=734"}],"version-history":[{"count":0,"href":"https:\/\/solis-turizem.com\/de\/wp-json\/wp\/v2\/pages\/734\/revisions"}],"wp:attachment":[{"href":"https:\/\/solis-turizem.com\/de\/wp-json\/wp\/v2\/media?parent=734"}],"curies":[{"name":"wp","href":"https:\/\/api.w.org\/{rel}","templated":true}]}}