{"id":735,"date":"2021-03-23T12:48:47","date_gmt":"2021-03-23T12:48:47","guid":{"rendered":"https:\/\/solis-turizem.com\/?page_id=735"},"modified":"2021-03-25T10:26:53","modified_gmt":"2021-03-25T10:26:53","slug":"privacy-policy-2","status":"publish","type":"page","link":"https:\/\/solis-turizem.com\/de\/privacy-policy-2\/","title":{"rendered":"Hinweise zum Datenschutz"},"content":{"rendered":"<div data-elementor-type=\"wp-post\" data-elementor-id=\"735\" class=\"elementor elementor-735\">\n\t\t\t\t\t\t\t\t\t<section class=\"elementor-section elementor-top-section elementor-element elementor-element-298ec99 elementor-section-content-middle elementor-section-boxed elementor-section-height-default elementor-section-height-default\" data-id=\"298ec99\" data-element_type=\"section\" data-settings=\"{&quot;background_background&quot;:&quot;classic&quot;}\">\n\t\t\t\t\t\t\t<div class=\"elementor-background-overlay\"><\/div>\n\t\t\t\t\t\t\t<div class=\"elementor-container elementor-column-gap-no\">\n\t\t\t\t\t<div class=\"elementor-column elementor-col-100 elementor-top-column elementor-element elementor-element-428c03b\" data-id=\"428c03b\" data-element_type=\"column\">\n\t\t\t<div class=\"elementor-widget-wrap\">\n\t\t\t\t\t\t\t\t\t<\/div>\n\t\t<\/div>\n\t\t\t\t\t\t\t<\/div>\n\t\t<\/section>\n\t\t\t\t<section class=\"elementor-section elementor-top-section elementor-element elementor-element-3bf7016 elementor-section-content-middle elementor-section-boxed elementor-section-height-default elementor-section-height-default\" data-id=\"3bf7016\" data-element_type=\"section\">\n\t\t\t\t\t\t<div class=\"elementor-container elementor-column-gap-no\">\n\t\t\t\t\t<div class=\"elementor-column elementor-col-100 elementor-top-column elementor-element elementor-element-84a8a48\" data-id=\"84a8a48\" data-element_type=\"column\">\n\t\t\t<div class=\"elementor-widget-wrap elementor-element-populated\">\n\t\t\t\t\t\t\t\t<div class=\"elementor-element elementor-element-b433301 elementor-widget elementor-widget-heading\" data-id=\"b433301\" data-element_type=\"widget\" data-widget_type=\"heading.default\">\n\t\t\t\t<div class=\"elementor-widget-container\">\n\t\t\t<h2 class=\"elementor-heading-title elementor-size-default\">Hinweise zum Datenschutz<\/h2>\t\t<\/div>\n\t\t\t\t<\/div>\n\t\t\t\t\t<\/div>\n\t\t<\/div>\n\t\t\t\t\t\t\t<\/div>\n\t\t<\/section>\n\t\t\t\t<section class=\"elementor-section elementor-top-section elementor-element elementor-element-a4fb2d5 elementor-section-content-top elementor-section-boxed elementor-section-height-default elementor-section-height-default\" data-id=\"a4fb2d5\" data-element_type=\"section\" data-settings=\"{&quot;background_background&quot;:&quot;classic&quot;}\">\n\t\t\t\t\t\t<div class=\"elementor-container elementor-column-gap-no\">\n\t\t\t\t\t<div class=\"elementor-column elementor-col-100 elementor-top-column elementor-element elementor-element-381034a\" data-id=\"381034a\" data-element_type=\"column\">\n\t\t\t<div class=\"elementor-widget-wrap elementor-element-populated\">\n\t\t\t\t\t\t\t\t<div class=\"elementor-element elementor-element-49ac4ac elementor-widget elementor-widget-text-editor\" data-id=\"49ac4ac\" data-element_type=\"widget\" data-widget_type=\"text-editor.default\">\n\t\t\t\t<div class=\"elementor-widget-container\">\n\t\t\t\t\t\t\t<p>Hinweise zum Datenschutz<br \/>1. VERTRAG ZWISCHEN DEM KUNDEN UND SOLIS TURIZEM UR\u0160KA PODGOR\u0160EK S.P.<br \/>Durch die Nutzung dieser Webseiten akzeptiert der Kunde die Bedingungen sowie die Informationen auf diesen Seiten. Der Kunde akzeptiert, dass er die hier erhaltenen Informationen nicht f\u00fcr verbotene oder ungesetzliche Zwecke oder Aktivit\u00e4ten verwenden wird. Wenn Sie mit den Bedingungen nicht einverstanden sind, werden Sie gebeten, diese Webseiten nicht zu nutzen.<\/p><p>2. VERWENDUNG VON INFORMATIONEN UND SCHUTZ DER PRIVATSPH\u00c4RE<\/p><p>SOLIS TURIZEM UR\u0160KA PODGOR\u0160EK S.P.respektiert und sch\u00fctzt Ihre Privatsph\u00e4re. W\u00e4hrend des Gesch\u00e4ftsprozesses werden wir die Informationen verwenden, die f\u00fcr die Durchf\u00fchrung der Buchung notwendig sind, sowie die Informationen, die mit Ihrer Reise zusammenh\u00e4ngen. Die Informationen, die wir verwenden werden, sind die, die Sie uns freiwillig zur Verf\u00fcgung gestellt haben. Wir verpflichten uns, diese Informationen nicht zu verkaufen, bekannt zu geben oder an Dritte weiterzugeben. Die gesammelten demografischen Daten werden an unsere Medienpartner, an Fachleute und Werbetreibende weitergegeben und stehen in keinem Zusammenhang mit personenbezogenen Daten. Um spezielle Dienstleistungen zu erbringen, k\u00f6nnen wir mit einer dritten Partei zusammenarbeiten. Ein Dritter hat nur dann Zugang zu Namen und anderen Kontaktdaten, die f\u00fcr die Bereitstellung der angeforderten Dienste erforderlich sind, wenn sich der Kunde f\u00fcr diese Dienste registriert. Dritten ist es nicht gestattet, personenbezogene Daten zu verwenden, es sei denn, dies geschieht zum Zweck der Erbringung der angeforderten Dienstleistungen. Die Informationen werden in \u00dcbereinstimmung mit der Datenschutzrichtlinie verwendet, die zu dem Zeitpunkt g\u00fcltig war, als diese Informationen gesammelt wurden. Wenn Sie bemerken, dass Olivari d.o.o. diese Prinzipien nicht eingehalten hat oder wenn Sie einen anderen Einwand in Bezug auf unseren Gesch\u00e4ftsprozess haben, k\u00f6nnen Sie uns unter info@solis-turizem.si informieren und wir werden ein Maximum an wirtschaftlich vertretbaren Anstrengungen unternehmen, um die Unregelm\u00e4\u00dfigkeiten umgehend zu untersuchen und zu beheben.<\/p><p>3. BUCHUNGSANFRAGE<br \/>W\u00e4hrend des Buchungsvorgangs wird der Nutzer unserer Webseiten gebeten, eine Buchungsanfrage auszuf\u00fcllen, die einige Kontaktdaten (Namen, Telefonnummer und Wohnanschrift, Geburtsdatum und E-Mail-Adresse) enth\u00e4lt. Diese Daten werden ausschlie\u00dflich zum Zweck der Kontaktaufnahme mit dem Kunden verwendet. Sie werden nur von Partnern, d.h. Vertragspartnern wie Hotels und Agenten, zur Zustellung von Unterlagen und Durchf\u00fchrung der Leistungen verwendet und sind diesen zug\u00e4nglich. Informationen, die sich auf die Zahlung beziehen, stehen unter besonderem Schutz und sind nur f\u00fcr Banken oder Kreditkartenunternehmen zug\u00e4nglich, um die Zahlung zu autorisieren.<\/p><p>4. LOG-DATENBANKEN<br \/>Wir verwenden IP-Adressen, um Trends zu analysieren, Webseiten zu bearbeiten, Kundenstr\u00f6me zu verfolgen und weitere demographische Daten zu sammeln. IP-Adressen stehen in keinem Zusammenhang mit pers\u00f6nlich identifizierbaren Informationen jeglicher Art.<\/p><p>5. LINKS<br \/>Diese Webseiten enthalten Links zu anderen Webseiten. Sie sollten sich bewusst sein, dass<br \/>SOLIS TURIZEM UR\u0160KA PODGOR\u0160EK S.P. kann nicht f\u00fcr die Datenschutzpolitik auf diesen Websites verantwortlich gemacht werden. Bitte lesen Sie die Datenschutzerkl\u00e4rungen jeder Webseite, die pers\u00f6nliche Informationen sammelt. Diese Datenschutzerkl\u00e4rung gilt ausschlie\u00dflich f\u00fcr Informationen, die auf diesen Webseiten gesammelt werden.<\/p><p>6. NEWSLETTER<br \/>Indem Sie uns Ihre Kontaktdaten, wie Name und E-Mail-Adresse, zur Verf\u00fcgung stellen, erm\u00f6glichen Sie uns, Ihnen Newsletter zuzusenden. Sie sind jedoch jederzeit in der Lage, sich aus der Mailingliste zu entfernen.<\/p><p>7. SICHERHEIT<br \/>Diese Webseiten ergreifen alle notwendigen Ma\u00dfnahmen zum Schutz der pers\u00f6nlichen Daten der Kunden. Die Eingabe von vertraulichen Informationen \u00fcber diese Webseiten ist online und offline gesch\u00fctzt. Wenn vertrauliche Informationen des Kunden (wie z.B. pers\u00f6nliche Informationen) auf unserem Registrierungsformular erforderlich sind, werden sie verschl\u00fcsselt und durch das SSL-Protokoll gesch\u00fctzt. W\u00e4hrend des Aufenthalts auf einer gesch\u00fctzten Webseite sind die Vorh\u00e4ngeschloss-Symbole am unteren Rand von Internet-Browsern, wie Internet Explorer und Netscape Navigator, gesperrt, im Gegensatz zu nicht gesperrten oder offenen Symbolen bei einer normalen Suche auf unserer Webseite. Neben der Verwendung der SSL-Verschl\u00fcsselung zum Schutz von Kundeninformationen im Internet unternehmen wir alle Anstrengungen, um dieselben Informationen auch offline zu sch\u00fctzen. Der Zugang zu allen Kundeninformationen, nicht nur zu den oben erw\u00e4hnten vertraulichen Informationen, ist eingeschr\u00e4nkt. Die vertraulichen Informationen sind nur den Mitarbeitern zug\u00e4nglich, die sie ben\u00f6tigen, um die angeforderte Dienstleistung zu erbringen.<\/p><p>8. \u00c4NDERUNGEN\/AKTUALISIERUNGEN DER PERS\u00d6NLICHEN DATEN<br \/>Wenn sich die pers\u00f6nlichen Daten eines Kunden (wie z.B. die Postleitzahl) ge\u00e4ndert haben oder er unsere Dienste nicht mehr in Anspruch nehmen m\u00f6chte, erm\u00f6glichen wir es dem Kunden, seine pers\u00f6nlichen Daten, die sich in unserem Besitz befinden, zu \u00e4ndern, zu aktualisieren oder zu entfernen.<\/p><p>9. INFORMATIONEN \u00dcBER \u00c4NDERUNGEN<br \/>Sollten wir uns entscheiden, unsere Datenschutzpolitik zu \u00e4ndern, wird die Information auf unserer Homepage ver\u00f6ffentlicht, so dass die Kunden immer dar\u00fcber informiert sind, welche Informationen wir sammeln, wie wir sie verwenden und unter welchen Bedingungen wir sie gegebenenfalls weitergeben. Sollten wir zu irgendeinem Zeitpunkt beschlie\u00dfen, pers\u00f6nliche Informationen auf eine andere Art und Weise zu verwenden, als zum Zeitpunkt der Erfassung der Informationen angegeben, werden wir die Kunden per E-Mail dar\u00fcber informieren. Die Kunden werden in der Lage sein, unserer Verwendung dieser Informationen in einer neuen Art und Weise zuzustimmen oder nicht. Die Informationen werden in \u00dcbereinstimmung mit der Datenschutzrichtlinie verwendet, die zum Zeitpunkt der Erfassung der Informationen g\u00fcltig war.<\/p><p>10. BESCHR\u00c4NKUNG AUF PERS\u00d6NLICHE, NICHT-KOMMERZIELLE NUTZUNG<br \/>Diese Webseiten sind f\u00fcr den pers\u00f6nlichen, nicht kommerziellen Gebrauch des Kunden bestimmt. Die Benutzer d\u00fcrfen die auf diesen Seiten dargestellten Informationen, Dienstleistungen oder Produkte ohne schriftliche Zustimmung von SOLIS TURIZEM UR\u0160KA PODGOR\u0160EK S.P. nicht austauschen, kopieren, verbreiten, ausstellen, freigeben oder auf irgendeine andere Weise \u00fcbertragen oder verkaufen.<\/p>\t\t\t\t\t\t<\/div>\n\t\t\t\t<\/div>\n\t\t\t\t\t<\/div>\n\t\t<\/div>\n\t\t\t\t\t\t\t<\/div>\n\t\t<\/section>\n\t\t\t\t\t\t\t<\/div>","protected":false},"excerpt":{"rendered":"<p>Datenschutzerkl\u00e4rung Datenschutzerkl\u00e4rung1. VERTRAG ZWISCHEN KUNDEN UND SOLIS TURIZEM UR\u0160KA PODGOR\u0160EK S.P.Durch die Nutzung dieser Webseiten akzeptiert der Kunde die Bedingungen sowie die Informationen auf diesen Seiten. Der Kunde akzeptiert, dass er die hier erhaltenen Informationen nicht f\u00fcr verbotene oder ungesetzliche Zwecke oder T\u00e4tigkeiten verwenden wird. Wenn Sie nicht einverstanden sind ...<\/p>\n<p class=\"read-more\"> <a class=\"\" href=\"https:\/\/solis-turizem.com\/de\/privacy-policy-2\/\"> <span class=\"screen-reader-text\">Hinweise zum Datenschutz<\/span> Mehr lesen \"<\/a><\/p>","protected":false},"author":1,"featured_media":0,"parent":0,"menu_order":0,"comment_status":"closed","ping_status":"closed","template":"","meta":{"site-sidebar-layout":"no-sidebar","site-content-layout":"page-builder","ast-global-header-display":"","ast-main-header-display":"","ast-hfb-above-header-display":"","ast-hfb-below-header-display":"","ast-hfb-mobile-header-display":"","site-post-title":"disabled","ast-breadcrumbs-content":"","ast-featured-img":"disabled","footer-sml-layout":"","theme-transparent-header-meta":"enabled","adv-header-id-meta":"","stick-header-meta":"","header-above-stick-meta":"","header-main-stick-meta":"","header-below-stick-meta":"","footnotes":""},"class_list":["post-735","page","type-page","status-publish","hentry"],"_links":{"self":[{"href":"https:\/\/solis-turizem.com\/de\/wp-json\/wp\/v2\/pages\/735","targetHints":{"allow":["GET"]}}],"collection":[{"href":"https:\/\/solis-turizem.com\/de\/wp-json\/wp\/v2\/pages"}],"about":[{"href":"https:\/\/solis-turizem.com\/de\/wp-json\/wp\/v2\/types\/page"}],"author":[{"embeddable":true,"href":"https:\/\/solis-turizem.com\/de\/wp-json\/wp\/v2\/users\/1"}],"replies":[{"embeddable":true,"href":"https:\/\/solis-turizem.com\/de\/wp-json\/wp\/v2\/comments?post=735"}],"version-history":[{"count":0,"href":"https:\/\/solis-turizem.com\/de\/wp-json\/wp\/v2\/pages\/735\/revisions"}],"wp:attachment":[{"href":"https:\/\/solis-turizem.com\/de\/wp-json\/wp\/v2\/media?parent=735"}],"curies":[{"name":"wp","href":"https:\/\/api.w.org\/{rel}","templated":true}]}}