{"id":927,"date":"2021-03-25T09:34:45","date_gmt":"2021-03-25T09:34:45","guid":{"rendered":"https:\/\/solis-turizem.com\/?page_id=927"},"modified":"2021-04-20T10:22:16","modified_gmt":"2021-04-20T10:22:16","slug":"impressum","status":"publish","type":"page","link":"https:\/\/solis-turizem.com\/de\/impressum\/","title":{"rendered":"Impressum"},"content":{"rendered":"<div data-elementor-type=\"wp-post\" data-elementor-id=\"927\" class=\"elementor elementor-927\">\n\t\t\t\t\t\t\t\t\t<section class=\"elementor-section elementor-top-section elementor-element elementor-element-298ec99 elementor-section-content-middle elementor-section-boxed elementor-section-height-default elementor-section-height-default\" data-id=\"298ec99\" data-element_type=\"section\" data-settings=\"{&quot;background_background&quot;:&quot;classic&quot;}\">\n\t\t\t\t\t\t\t<div class=\"elementor-background-overlay\"><\/div>\n\t\t\t\t\t\t\t<div class=\"elementor-container elementor-column-gap-no\">\n\t\t\t\t\t<div class=\"elementor-column elementor-col-100 elementor-top-column elementor-element elementor-element-428c03b\" data-id=\"428c03b\" data-element_type=\"column\">\n\t\t\t<div class=\"elementor-widget-wrap\">\n\t\t\t\t\t\t\t\t\t<\/div>\n\t\t<\/div>\n\t\t\t\t\t\t\t<\/div>\n\t\t<\/section>\n\t\t\t\t<section class=\"elementor-section elementor-top-section elementor-element elementor-element-3bf7016 elementor-section-content-middle elementor-section-boxed elementor-section-height-default elementor-section-height-default\" data-id=\"3bf7016\" data-element_type=\"section\">\n\t\t\t\t\t\t<div class=\"elementor-container elementor-column-gap-no\">\n\t\t\t\t\t<div class=\"elementor-column elementor-col-100 elementor-top-column elementor-element elementor-element-84a8a48\" data-id=\"84a8a48\" data-element_type=\"column\">\n\t\t\t<div class=\"elementor-widget-wrap elementor-element-populated\">\n\t\t\t\t\t\t\t\t<div class=\"elementor-element elementor-element-b433301 elementor-widget elementor-widget-heading\" data-id=\"b433301\" data-element_type=\"widget\" data-widget_type=\"heading.default\">\n\t\t\t\t<div class=\"elementor-widget-container\">\n\t\t\t<h2 class=\"elementor-heading-title elementor-size-default\">Impressum<\/h2>\t\t<\/div>\n\t\t\t\t<\/div>\n\t\t\t\t\t<\/div>\n\t\t<\/div>\n\t\t\t\t\t\t\t<\/div>\n\t\t<\/section>\n\t\t\t\t<section class=\"elementor-section elementor-top-section elementor-element elementor-element-a4fb2d5 elementor-section-content-top elementor-section-boxed elementor-section-height-default elementor-section-height-default\" data-id=\"a4fb2d5\" data-element_type=\"section\" data-settings=\"{&quot;background_background&quot;:&quot;classic&quot;}\">\n\t\t\t\t\t\t<div class=\"elementor-container elementor-column-gap-no\">\n\t\t\t\t\t<div class=\"elementor-column elementor-col-100 elementor-top-column elementor-element elementor-element-381034a\" data-id=\"381034a\" data-element_type=\"column\">\n\t\t\t<div class=\"elementor-widget-wrap elementor-element-populated\">\n\t\t\t\t\t\t\t\t<div class=\"elementor-element elementor-element-49ac4ac elementor-widget elementor-widget-text-editor\" data-id=\"49ac4ac\" data-element_type=\"widget\" data-widget_type=\"text-editor.default\">\n\t\t\t\t<div class=\"elementor-widget-container\">\n\t\t\t\t\t\t\t<p><strong>Redaktion<\/strong><\/p><p>Die Webseiten haben wir zusammen mit dem Webdienstleister selbst erstellt.<\/p><p><strong>Der Zweck von Websites<\/strong><\/p><p>Die Daten auf der Website haben einen Pr\u00e4sentationscharakter im Bereich der Grundt\u00e4tigkeit, f\u00fcr die wir registriert sind - die Herstellung von Bau- und Innenm\u00f6beln. Wir verpflichten uns, daf\u00fcr zu sorgen, dass die Informationen auf der Website wahr, zuverl\u00e4ssig und von guter Qualit\u00e4t sind.<\/p><p>Wir sind nicht verantwortlich f\u00fcr etwaige Druckfehler, wir behalten uns das Recht vor, den Inhalt jederzeit und ohne vorherige Ank\u00fcndigung zu \u00e4ndern, wenn er nicht mit unserer Firmenpolitik \u00fcbereinstimmt.<\/p><p><strong>Nutzungsrecht<\/strong><\/p><p>Die Website und ihr gesamter Inhalt sind durch gewerbliche und geistige Eigentumsrechte gesch\u00fctzt. Alle Informationen, Texte, Bilder oder andere grafische Elemente, die sich auf dieser Website befinden, d\u00fcrfen ausschlie\u00dflich f\u00fcr Ihren pers\u00f6nlichen, nicht-kommerziellen Gebrauch verwendet werden und d\u00fcrfen ohne vorherige schriftliche Genehmigung des Administrators weder ganz noch teilweise vervielf\u00e4ltigt, ver\u00e4ndert, vertrieben, lizenziert oder in Form von Publikationen zu einem anderen Zweck als der Betrachtung ver\u00f6ffentlicht werden.<\/p><p><strong>Verantwortung \u00fcbernehmen<\/strong><\/p><p>Bei der Gestaltung einer Website sind wir um die Aktualit\u00e4t und Richtigkeit der Daten bem\u00fcht. Wir \u00fcbernehmen keine Garantie f\u00fcr deren Richtigkeit und Vollst\u00e4ndigkeit und keine Verantwortung, die sich aus deren Nutzung ergibt. Alle Nutzer verwenden die ver\u00f6ffentlichten Inhalte auf eigene Gefahr.<\/p><p>Wir behalten uns das Recht vor, den Inhalt unserer Websites jederzeit, in jeder Weise, aus jedem Grund und ohne vorherige Ank\u00fcndigung zu \u00e4ndern.<\/p><p><strong>Technologische Umsetzung<\/strong><\/p><p>Die technologische Umsetzung erfolgte durch die Firma\u00a0<a href=\"https:\/\/marcelino.si\/\">Marcelino doo<\/a>\u00a0in Zusammenarbeit mit unserem Unternehmen.<\/p><p><strong>Name der Firma<\/strong><br \/>SOLIS TURIZEM UR\u0160KA PODGOR\u0160EK S.P.<\/p><p><strong>Adresse<\/strong><br \/>MARIBORSKA CESTA 88 , 3000 CELJE<\/p><p><strong>E-Mail:\u00a0<\/strong>info@solis-turizem.si<br \/><strong>Website<\/strong>: https:\/\/solis-turizem.com\/<\/p><p><strong>Steuernummer:<\/strong>\u00a0SI42339600<strong><br \/>Anmeldung:<\/strong>\u00a06011870000<strong><br \/>Manager: <\/strong>Ur\u0161ka Podgor\u0161ek<strong> <br \/>DPC:<\/strong> Marjetica Cvikl s.p.<\/p>\t\t\t\t\t\t<\/div>\n\t\t\t\t<\/div>\n\t\t\t\t\t<\/div>\n\t\t<\/div>\n\t\t\t\t\t\t\t<\/div>\n\t\t<\/section>\n\t\t\t\t\t\t\t<\/div>","protected":false},"excerpt":{"rendered":"<p>Impressum Editorial Die Webseiten haben wir selbst zusammen mit dem Webdienstleister erstellt. Zweck der Webseiten Die Daten auf der Webseite haben einen Pr\u00e4sentationscharakter im Bereich der Grundt\u00e4tigkeit, f\u00fcr die wir registriert sind - die Herstellung von Bau- und Innenm\u00f6beln. Wir setzen uns daf\u00fcr ein, dass die Informationen auf ...<\/p>\n<p class=\"read-more\"> <a class=\"\" href=\"https:\/\/solis-turizem.com\/de\/impressum\/\"> <span class=\"screen-reader-text\">Impressum<\/span> Mehr lesen \"<\/a><\/p>","protected":false},"author":1,"featured_media":0,"parent":0,"menu_order":0,"comment_status":"closed","ping_status":"closed","template":"","meta":{"site-sidebar-layout":"no-sidebar","site-content-layout":"page-builder","ast-global-header-display":"","ast-main-header-display":"","ast-hfb-above-header-display":"","ast-hfb-below-header-display":"","ast-hfb-mobile-header-display":"","site-post-title":"disabled","ast-breadcrumbs-content":"","ast-featured-img":"disabled","footer-sml-layout":"","theme-transparent-header-meta":"enabled","adv-header-id-meta":"","stick-header-meta":"","header-above-stick-meta":"","header-main-stick-meta":"","header-below-stick-meta":"","footnotes":""},"class_list":["post-927","page","type-page","status-publish","hentry"],"_links":{"self":[{"href":"https:\/\/solis-turizem.com\/de\/wp-json\/wp\/v2\/pages\/927","targetHints":{"allow":["GET"]}}],"collection":[{"href":"https:\/\/solis-turizem.com\/de\/wp-json\/wp\/v2\/pages"}],"about":[{"href":"https:\/\/solis-turizem.com\/de\/wp-json\/wp\/v2\/types\/page"}],"author":[{"embeddable":true,"href":"https:\/\/solis-turizem.com\/de\/wp-json\/wp\/v2\/users\/1"}],"replies":[{"embeddable":true,"href":"https:\/\/solis-turizem.com\/de\/wp-json\/wp\/v2\/comments?post=927"}],"version-history":[{"count":0,"href":"https:\/\/solis-turizem.com\/de\/wp-json\/wp\/v2\/pages\/927\/revisions"}],"wp:attachment":[{"href":"https:\/\/solis-turizem.com\/de\/wp-json\/wp\/v2\/media?parent=927"}],"curies":[{"name":"wp","href":"https:\/\/api.w.org\/{rel}","templated":true}]}}