{"id":734,"date":"2021-03-23T12:45:51","date_gmt":"2021-03-23T12:45:51","guid":{"rendered":"https:\/\/solis-turizem.com\/?page_id=734"},"modified":"2021-03-25T10:36:19","modified_gmt":"2021-03-25T10:36:19","slug":"terms-of-use","status":"publish","type":"page","link":"https:\/\/solis-turizem.com\/es\/terms-of-use\/","title":{"rendered":"Condiciones de uso"},"content":{"rendered":"<div data-elementor-type=\"wp-post\" data-elementor-id=\"734\" class=\"elementor elementor-734\">\n\t\t\t\t\t\t\t\t\t<section class=\"elementor-section elementor-top-section elementor-element elementor-element-298ec99 elementor-section-content-middle elementor-section-boxed elementor-section-height-default elementor-section-height-default\" data-id=\"298ec99\" data-element_type=\"section\" data-settings=\"{&quot;background_background&quot;:&quot;classic&quot;}\">\n\t\t\t\t\t\t\t<div class=\"elementor-background-overlay\"><\/div>\n\t\t\t\t\t\t\t<div class=\"elementor-container elementor-column-gap-no\">\n\t\t\t\t\t<div class=\"elementor-column elementor-col-100 elementor-top-column elementor-element elementor-element-428c03b\" data-id=\"428c03b\" data-element_type=\"column\">\n\t\t\t<div class=\"elementor-widget-wrap\">\n\t\t\t\t\t\t\t\t\t<\/div>\n\t\t<\/div>\n\t\t\t\t\t\t\t<\/div>\n\t\t<\/section>\n\t\t\t\t<section class=\"elementor-section elementor-top-section elementor-element elementor-element-3bf7016 elementor-section-content-middle elementor-section-boxed elementor-section-height-default elementor-section-height-default\" data-id=\"3bf7016\" data-element_type=\"section\">\n\t\t\t\t\t\t<div class=\"elementor-container elementor-column-gap-no\">\n\t\t\t\t\t<div class=\"elementor-column elementor-col-100 elementor-top-column elementor-element elementor-element-84a8a48\" data-id=\"84a8a48\" data-element_type=\"column\">\n\t\t\t<div class=\"elementor-widget-wrap elementor-element-populated\">\n\t\t\t\t\t\t\t\t<div class=\"elementor-element elementor-element-b433301 elementor-widget elementor-widget-heading\" data-id=\"b433301\" data-element_type=\"widget\" data-widget_type=\"heading.default\">\n\t\t\t\t<div class=\"elementor-widget-container\">\n\t\t\t<h2 class=\"elementor-heading-title elementor-size-default\">Condiciones de uso<\/h2>\t\t<\/div>\n\t\t\t\t<\/div>\n\t\t\t\t\t<\/div>\n\t\t<\/div>\n\t\t\t\t\t\t\t<\/div>\n\t\t<\/section>\n\t\t\t\t<section class=\"elementor-section elementor-top-section elementor-element elementor-element-a4fb2d5 elementor-section-content-top elementor-section-boxed elementor-section-height-default elementor-section-height-default\" data-id=\"a4fb2d5\" data-element_type=\"section\" data-settings=\"{&quot;background_background&quot;:&quot;classic&quot;}\">\n\t\t\t\t\t\t<div class=\"elementor-container elementor-column-gap-no\">\n\t\t\t\t\t<div class=\"elementor-column elementor-col-100 elementor-top-column elementor-element elementor-element-381034a\" data-id=\"381034a\" data-element_type=\"column\">\n\t\t\t<div class=\"elementor-widget-wrap elementor-element-populated\">\n\t\t\t\t\t\t\t\t<div class=\"elementor-element elementor-element-49ac4ac elementor-widget elementor-widget-text-editor\" data-id=\"49ac4ac\" data-element_type=\"widget\" data-widget_type=\"text-editor.default\">\n\t\t\t\t<div class=\"elementor-widget-container\">\n\t\t\t\t\t\t\t<p>SOLIS TURIZEM UR\u0160KA PODGOR\u0160EK S.P.<br \/>MARIBORSKA CESTA 88 , 3000 CELJE, EU - SLOVENIJA<br \/>N\u00famero de IVA: SI42339600, n\u00famero de registro: 6011870000<\/p><p><strong>Condiciones generales de prestaci\u00f3n de servicios de alojamiento<\/strong><\/p><p><strong>1. CONTENIDO DE LA OFERTA<\/strong><br \/>SOLIS TURIZEM UR\u0160KA PODGOR\u0160EK S.P., Mariborska cesta 88, 3000 Celje, EU-Slovenija (en adelante la agencia) asegura el servicio de alojamiento al hu\u00e9sped seg\u00fan la informaci\u00f3n disponible en el sitio www.solis-turizem.com, y tambi\u00e9n de acuerdo con el per\u00edodo y los detalles de la reserva confirmada, excepto en caso de enfermedad o muerte del anfitri\u00f3n o de su familia m\u00e1s cercana; y tambi\u00e9n la agencia no es responsable de las condiciones de fuerza mayor que no se puede anticipar o eliminar (desastres naturales: terremotos, inundaciones, incendios, sequ\u00edas, guerras, huelgas, actos de terrorismo y las restricciones emitidas por el gobierno: la movilizaci\u00f3n, la prohibici\u00f3n de salir del pa\u00eds).<\/p><p><strong>2. RESERVA Y PAGO<\/strong><br \/>Las consultas y reservas de alojamiento se reciben por v\u00eda electr\u00f3nica, por correo electr\u00f3nico o en persona en las oficinas de la agencia.<br \/>Al reservar, el hu\u00e9sped confirma que acepta las Condiciones Generales en su totalidad. En otras palabras, todo lo que se indica en las Condiciones Generales pasa a ser legalmente vinculante tanto para el hu\u00e9sped como para la agencia. La agencia proporciona al cliente toda la informaci\u00f3n necesaria para el viaje y le ofrece un paquete de seguro de viaje y un seguro de cancelaci\u00f3n. En el momento de la reserva, el hu\u00e9sped est\u00e1 obligado a dar toda la informaci\u00f3n necesaria en el procedimiento de reserva.<br \/>Para confirmar la reserva es necesario pagar el anticipo en funci\u00f3n de la forma de pago. El resto debe pagarse al menos 15 d\u00edas antes de la fecha de llegada o directamente al anfitri\u00f3n a su llegada. El hu\u00e9sped es informado de las formas de pago al confirmar la reserva.<\/p><p><strong>El pago puede realizarse:<\/strong><\/p><p>- Pago por cuenta bancaria<br \/>- PayPal<br \/>- Pago en efectivo<br \/>- mediante tarjeta de cr\u00e9dito<\/p>\t\t\t\t\t\t<\/div>\n\t\t\t\t<\/div>\n\t\t\t\t\t<\/div>\n\t\t<\/div>\n\t\t\t\t\t\t\t<\/div>\n\t\t<\/section>\n\t\t\t\t\t\t\t<\/div>","protected":false},"excerpt":{"rendered":"<p>Condiciones de uso SOLIS TURIZEM UR\u0160KA PODGOR\u0160EK S.P.MARIBORSKA CESTA 88 , 3000 CELJE, EU - SLOVENIJAVAT No: SI42339600, N\u00famero de registro: 6011870000 Condiciones generales de prestaci\u00f3n de servicios de alojamiento 1. CONTENIDO DE LAS OFERTASOLIS TURIZEM UR\u0160KA PODGOR\u0160EK S.P., Mariborska cesta 88, 3000 Celje, EU-Slovenija (en adelante la agencia) asegura el servicio de alojamiento al hu\u00e9sped seg\u00fan ...<\/p>\n<p class=\"read-more\"> <a class=\"\" href=\"https:\/\/solis-turizem.com\/es\/terms-of-use\/\"> <span class=\"screen-reader-text\">Condiciones de uso<\/span> Leer m\u00e1s \"<\/a><\/p>","protected":false},"author":1,"featured_media":0,"parent":0,"menu_order":0,"comment_status":"closed","ping_status":"closed","template":"","meta":{"site-sidebar-layout":"no-sidebar","site-content-layout":"page-builder","ast-global-header-display":"","ast-main-header-display":"","ast-hfb-above-header-display":"","ast-hfb-below-header-display":"","ast-hfb-mobile-header-display":"","site-post-title":"disabled","ast-breadcrumbs-content":"","ast-featured-img":"disabled","footer-sml-layout":"","theme-transparent-header-meta":"enabled","adv-header-id-meta":"","stick-header-meta":"","header-above-stick-meta":"","header-main-stick-meta":"","header-below-stick-meta":"","footnotes":""},"class_list":["post-734","page","type-page","status-publish","hentry"],"_links":{"self":[{"href":"https:\/\/solis-turizem.com\/es\/wp-json\/wp\/v2\/pages\/734","targetHints":{"allow":["GET"]}}],"collection":[{"href":"https:\/\/solis-turizem.com\/es\/wp-json\/wp\/v2\/pages"}],"about":[{"href":"https:\/\/solis-turizem.com\/es\/wp-json\/wp\/v2\/types\/page"}],"author":[{"embeddable":true,"href":"https:\/\/solis-turizem.com\/es\/wp-json\/wp\/v2\/users\/1"}],"replies":[{"embeddable":true,"href":"https:\/\/solis-turizem.com\/es\/wp-json\/wp\/v2\/comments?post=734"}],"version-history":[{"count":0,"href":"https:\/\/solis-turizem.com\/es\/wp-json\/wp\/v2\/pages\/734\/revisions"}],"wp:attachment":[{"href":"https:\/\/solis-turizem.com\/es\/wp-json\/wp\/v2\/media?parent=734"}],"curies":[{"name":"wp","href":"https:\/\/api.w.org\/{rel}","templated":true}]}}