{"id":735,"date":"2021-03-23T12:48:47","date_gmt":"2021-03-23T12:48:47","guid":{"rendered":"https:\/\/solis-turizem.com\/?page_id=735"},"modified":"2021-03-25T10:26:53","modified_gmt":"2021-03-25T10:26:53","slug":"privacy-policy-2","status":"publish","type":"page","link":"https:\/\/solis-turizem.com\/es\/privacy-policy-2\/","title":{"rendered":"Pol\u00edtica de privacidad"},"content":{"rendered":"<div data-elementor-type=\"wp-post\" data-elementor-id=\"735\" class=\"elementor elementor-735\">\n\t\t\t\t\t\t\t\t\t<section class=\"elementor-section elementor-top-section elementor-element elementor-element-298ec99 elementor-section-content-middle elementor-section-boxed elementor-section-height-default elementor-section-height-default\" data-id=\"298ec99\" data-element_type=\"section\" data-settings=\"{&quot;background_background&quot;:&quot;classic&quot;}\">\n\t\t\t\t\t\t\t<div class=\"elementor-background-overlay\"><\/div>\n\t\t\t\t\t\t\t<div class=\"elementor-container elementor-column-gap-no\">\n\t\t\t\t\t<div class=\"elementor-column elementor-col-100 elementor-top-column elementor-element elementor-element-428c03b\" data-id=\"428c03b\" data-element_type=\"column\">\n\t\t\t<div class=\"elementor-widget-wrap\">\n\t\t\t\t\t\t\t\t\t<\/div>\n\t\t<\/div>\n\t\t\t\t\t\t\t<\/div>\n\t\t<\/section>\n\t\t\t\t<section class=\"elementor-section elementor-top-section elementor-element elementor-element-3bf7016 elementor-section-content-middle elementor-section-boxed elementor-section-height-default elementor-section-height-default\" data-id=\"3bf7016\" data-element_type=\"section\">\n\t\t\t\t\t\t<div class=\"elementor-container elementor-column-gap-no\">\n\t\t\t\t\t<div class=\"elementor-column elementor-col-100 elementor-top-column elementor-element elementor-element-84a8a48\" data-id=\"84a8a48\" data-element_type=\"column\">\n\t\t\t<div class=\"elementor-widget-wrap elementor-element-populated\">\n\t\t\t\t\t\t\t\t<div class=\"elementor-element elementor-element-b433301 elementor-widget elementor-widget-heading\" data-id=\"b433301\" data-element_type=\"widget\" data-widget_type=\"heading.default\">\n\t\t\t\t<div class=\"elementor-widget-container\">\n\t\t\t<h2 class=\"elementor-heading-title elementor-size-default\">Pol\u00edtica de privacidad<\/h2>\t\t<\/div>\n\t\t\t\t<\/div>\n\t\t\t\t\t<\/div>\n\t\t<\/div>\n\t\t\t\t\t\t\t<\/div>\n\t\t<\/section>\n\t\t\t\t<section class=\"elementor-section elementor-top-section elementor-element elementor-element-a4fb2d5 elementor-section-content-top elementor-section-boxed elementor-section-height-default elementor-section-height-default\" data-id=\"a4fb2d5\" data-element_type=\"section\" data-settings=\"{&quot;background_background&quot;:&quot;classic&quot;}\">\n\t\t\t\t\t\t<div class=\"elementor-container elementor-column-gap-no\">\n\t\t\t\t\t<div class=\"elementor-column elementor-col-100 elementor-top-column elementor-element elementor-element-381034a\" data-id=\"381034a\" data-element_type=\"column\">\n\t\t\t<div class=\"elementor-widget-wrap elementor-element-populated\">\n\t\t\t\t\t\t\t\t<div class=\"elementor-element elementor-element-49ac4ac elementor-widget elementor-widget-text-editor\" data-id=\"49ac4ac\" data-element_type=\"widget\" data-widget_type=\"text-editor.default\">\n\t\t\t\t<div class=\"elementor-widget-container\">\n\t\t\t\t\t\t\t<p>Pol\u00edtica de privacidad<br \/>1. CONTRATO ENTRE EL CLIENTE Y SOLIS TURIZEM UR\u0160KA PODGOR\u0160EK S.P.<br \/>Al utilizar estas p\u00e1ginas web, el cliente acepta los t\u00e9rminos y condiciones, as\u00ed como la informaci\u00f3n contenida en ellas. El cliente acepta que no utilizar\u00e1 la informaci\u00f3n aqu\u00ed obtenida para fines o actividades prohibidas o ilegales. Si no est\u00e1 de acuerdo con los t\u00e9rminos y condiciones, se le pide que no utilice estas p\u00e1ginas web.<\/p><p>2. USO DE LA INFORMACI\u00d3N Y PROTECCI\u00d3N DE LA PRIVACIDAD<\/p><p>SOLIS TURIZEM UR\u0160KA PODGOR\u0160EK S.P. respeta y protege su privacidad. Durante el proceso comercial utilizaremos la informaci\u00f3n necesaria para llevar a cabo la reserva, as\u00ed como la informaci\u00f3n relacionada con su viaje. La informaci\u00f3n que se utilizar\u00e1 es la que usted ha proporcionado por su propia voluntad. Nos comprometemos a no vender, anunciar o revelar esta informaci\u00f3n a terceros. Los datos demogr\u00e1ficos recogidos ser\u00e1n revelados a nuestros socios de medios de comunicaci\u00f3n, a profesionales y a anunciantes y no est\u00e1n relacionados con ning\u00fan detalle personal identificable. Con el fin de proporcionar servicios especiales, podemos cooperar con un tercero. Un tercero tendr\u00e1 acceso a los nombres y otros datos de contacto necesarios para prestar los servicios solicitados s\u00f3lo cuando el cliente se registre para estos servicios. Un tercero no est\u00e1 autorizado a utilizar la informaci\u00f3n personal salvo para prestar los servicios solicitados. La informaci\u00f3n se utilizar\u00e1 de acuerdo con la pol\u00edtica de privacidad vigente en el momento en que se recogi\u00f3 dicha informaci\u00f3n. Si nota que Olivari d.o.o. no ha cumplido con estos principios o si tiene cualquier otra objeci\u00f3n con respecto a nuestro proceso comercial, puede informarnos en info@solis-turizem.si y haremos un esfuerzo m\u00e1ximo, econ\u00f3micamente aceptable, para investigar y rectificar las irregularidades con prontitud.<\/p><p>3. SOLICITUD DE RESERVA<br \/>Durante el proceso de reserva, se pide al usuario de nuestras p\u00e1ginas web que rellene una solicitud de reserva con algunos datos de contacto (nombres, n\u00famero de tel\u00e9fono y direcci\u00f3n del domicilio, fecha de nacimiento y direcci\u00f3n de correo electr\u00f3nico). Estos datos se utilizan \u00fanicamente para contactar con el cliente. S\u00f3lo ser\u00e1n utilizados y ser\u00e1n accesibles para los socios, es decir, los contratistas, como los hoteles y los agentes, con el fin de entregar los documentos y llevar a cabo los servicios. La informaci\u00f3n relativa al pago est\u00e1 bajo protecci\u00f3n especial y s\u00f3lo ser\u00e1 accesible para los bancos o las compa\u00f1\u00edas de tarjetas de cr\u00e9dito con el fin de autorizar el pago.<\/p><p>4. BASES DE DATOS DE REGISTRO<br \/>Utilizamos las direcciones IP para analizar las tendencias, procesar las p\u00e1ginas web, seguir el flujo de clientes y recoger datos demogr\u00e1ficos m\u00e1s amplios. Las direcciones IP no est\u00e1n relacionadas con ning\u00fan tipo de informaci\u00f3n personal identificable.<\/p><p>5. ENLACES<br \/>Estas p\u00e1ginas web contienen enlaces a otros sitios web. Debe tener en cuenta que<br \/>SOLIS TURIZEM UR\u0160KA PODGOR\u0160EK S.P. no se hace responsable de la pol\u00edtica de privacidad de esos sitios web. Por favor, lea las declaraciones de privacidad de cada sitio web que recoge informaci\u00f3n personal. Esta declaraci\u00f3n de privacidad se aplica \u00fanicamente a la informaci\u00f3n recogida en estas p\u00e1ginas web.<\/p><p>6. BOLET\u00cdN DE NOTICIAS<br \/>Al facilitarnos sus datos de contacto, como el nombre y la direcci\u00f3n de correo electr\u00f3nico, nos permite enviarle boletines informativos. No obstante, siempre podr\u00e1 darse de baja de la lista de correo.<\/p><p>7. SEGURIDAD<br \/>En estas p\u00e1ginas web se toman todas las medidas necesarias para proteger la informaci\u00f3n personal de los clientes. La introducci\u00f3n de informaci\u00f3n confidencial a trav\u00e9s de estas p\u00e1ginas web est\u00e1 protegida en l\u00ednea y fuera de l\u00ednea. Si la informaci\u00f3n confidencial del cliente (como la informaci\u00f3n personal) es requerida en nuestro formulario de registro, est\u00e1 encriptada y protegida por el protocolo SSL. Durante la estancia en una p\u00e1gina web protegida, los iconos de candado de la parte inferior de los navegadores de Internet, como Internet Explorer y Netscape Navigator, est\u00e1n bloqueados, a diferencia de los iconos desbloqueados o abiertos durante una b\u00fasqueda normal de nuestra p\u00e1gina web. Adem\u00e1s de utilizar el cifrado SSL para proteger la informaci\u00f3n de los clientes en Internet, hacemos todo lo posible para proteger la misma informaci\u00f3n fuera de l\u00ednea. El acceso a toda la informaci\u00f3n de los clientes, no s\u00f3lo a la informaci\u00f3n confidencial mencionada, est\u00e1 limitado. La informaci\u00f3n confidencial s\u00f3lo es accesible para los empleados que la necesitan para prestar el servicio solicitado.<\/p><p>8. MODIFICACIONES\/ACTUALIZACIONES DE LOS DATOS PERSONALES<br \/>Si los datos personales de un cliente (como el c\u00f3digo postal) han cambiado o si no desea seguir utilizando nuestros servicios, hacemos posible que el cliente modifique, actualice o elimine sus datos personales que obran en nuestro poder.<\/p><p>9. INFORMACI\u00d3N SOBRE LOS CAMBIOS<br \/>En caso de que decidamos cambiar nuestra pol\u00edtica de privacidad, la informaci\u00f3n se publicar\u00e1 en nuestra p\u00e1gina de inicio para que los clientes puedan estar siempre informados sobre la informaci\u00f3n que recopilamos, la forma en que la utilizamos y bajo qu\u00e9 condiciones, si las hay, la revelamos. Si en alg\u00fan momento decidimos utilizar la informaci\u00f3n personal de una manera diferente a la indicada en el momento en que se recogi\u00f3 la informaci\u00f3n, lo notificaremos a los clientes por correo electr\u00f3nico. Los clientes estar\u00e1n en condiciones de aprobar o no el uso que hagamos de esa informaci\u00f3n de una nueva manera. La informaci\u00f3n se utilizar\u00e1 de acuerdo con la pol\u00edtica de privacidad vigente en el momento en que se recogi\u00f3 la informaci\u00f3n.<\/p><p>10. LIMITACI\u00d3N AL USO PERSONAL Y NO COMERCIAL<br \/>Estas p\u00e1ginas web est\u00e1n destinadas al uso personal y no comercial del cliente. Los usuarios no est\u00e1n autorizados a intercambiar, copiar, difundir, mostrar, liberar o de cualquier otra manera transferir o vender cualquier informaci\u00f3n, servicio o producto mostrado en estas p\u00e1ginas sin un consentimiento por escrito de SOLIS TURIZEM UR\u0160KA PODGOR\u0160EK S.P.<\/p>\t\t\t\t\t\t<\/div>\n\t\t\t\t<\/div>\n\t\t\t\t\t<\/div>\n\t\t<\/div>\n\t\t\t\t\t\t\t<\/div>\n\t\t<\/section>\n\t\t\t\t\t\t\t<\/div>","protected":false},"excerpt":{"rendered":"<p>Pol\u00edtica de privacidad Pol\u00edtica de privacidad1. CONTRATO ENTRE EL CLIENTE Y SOLIS TURIZEM UR\u0160KA PODGOR\u0160EK S.P.Al utilizar estas p\u00e1ginas web el cliente acepta los t\u00e9rminos y condiciones, as\u00ed como la informaci\u00f3n contenida en ellas. El cliente acepta que no utilizar\u00e1 la informaci\u00f3n aqu\u00ed obtenida para fines o actividades prohibidas o il\u00edcitas. Si no est\u00e1 de acuerdo ...<\/p>\n<p class=\"read-more\"> <a class=\"\" href=\"https:\/\/solis-turizem.com\/es\/privacy-policy-2\/\"> <span class=\"screen-reader-text\">Pol\u00edtica de privacidad<\/span> Leer m\u00e1s \"<\/a><\/p>","protected":false},"author":1,"featured_media":0,"parent":0,"menu_order":0,"comment_status":"closed","ping_status":"closed","template":"","meta":{"site-sidebar-layout":"no-sidebar","site-content-layout":"page-builder","ast-global-header-display":"","ast-main-header-display":"","ast-hfb-above-header-display":"","ast-hfb-below-header-display":"","ast-hfb-mobile-header-display":"","site-post-title":"disabled","ast-breadcrumbs-content":"","ast-featured-img":"disabled","footer-sml-layout":"","theme-transparent-header-meta":"enabled","adv-header-id-meta":"","stick-header-meta":"","header-above-stick-meta":"","header-main-stick-meta":"","header-below-stick-meta":"","footnotes":""},"class_list":["post-735","page","type-page","status-publish","hentry"],"_links":{"self":[{"href":"https:\/\/solis-turizem.com\/es\/wp-json\/wp\/v2\/pages\/735","targetHints":{"allow":["GET"]}}],"collection":[{"href":"https:\/\/solis-turizem.com\/es\/wp-json\/wp\/v2\/pages"}],"about":[{"href":"https:\/\/solis-turizem.com\/es\/wp-json\/wp\/v2\/types\/page"}],"author":[{"embeddable":true,"href":"https:\/\/solis-turizem.com\/es\/wp-json\/wp\/v2\/users\/1"}],"replies":[{"embeddable":true,"href":"https:\/\/solis-turizem.com\/es\/wp-json\/wp\/v2\/comments?post=735"}],"version-history":[{"count":0,"href":"https:\/\/solis-turizem.com\/es\/wp-json\/wp\/v2\/pages\/735\/revisions"}],"wp:attachment":[{"href":"https:\/\/solis-turizem.com\/es\/wp-json\/wp\/v2\/media?parent=735"}],"curies":[{"name":"wp","href":"https:\/\/api.w.org\/{rel}","templated":true}]}}