{"id":928,"date":"2021-03-25T10:20:17","date_gmt":"2021-03-25T10:20:17","guid":{"rendered":"https:\/\/solis-turizem.com\/?page_id=928"},"modified":"2021-03-25T10:24:25","modified_gmt":"2021-03-25T10:24:25","slug":"general-terms-and-condition","status":"publish","type":"page","link":"https:\/\/solis-turizem.com\/fr\/general-terms-and-condition\/","title":{"rendered":"Conditions g\u00e9n\u00e9rales d'utilisation"},"content":{"rendered":"<div data-elementor-type=\"wp-post\" data-elementor-id=\"928\" class=\"elementor elementor-928\">\n\t\t\t\t\t\t\t\t\t<section class=\"elementor-section elementor-top-section elementor-element elementor-element-298ec99 elementor-section-content-middle elementor-section-boxed elementor-section-height-default elementor-section-height-default\" data-id=\"298ec99\" data-element_type=\"section\" data-settings=\"{&quot;background_background&quot;:&quot;classic&quot;}\">\n\t\t\t\t\t\t\t<div class=\"elementor-background-overlay\"><\/div>\n\t\t\t\t\t\t\t<div class=\"elementor-container elementor-column-gap-no\">\n\t\t\t\t\t<div class=\"elementor-column elementor-col-100 elementor-top-column elementor-element elementor-element-428c03b\" data-id=\"428c03b\" data-element_type=\"column\">\n\t\t\t<div class=\"elementor-widget-wrap\">\n\t\t\t\t\t\t\t\t\t<\/div>\n\t\t<\/div>\n\t\t\t\t\t\t\t<\/div>\n\t\t<\/section>\n\t\t\t\t<section class=\"elementor-section elementor-top-section elementor-element elementor-element-3bf7016 elementor-section-content-middle elementor-section-boxed elementor-section-height-default elementor-section-height-default\" data-id=\"3bf7016\" data-element_type=\"section\">\n\t\t\t\t\t\t<div class=\"elementor-container elementor-column-gap-no\">\n\t\t\t\t\t<div class=\"elementor-column elementor-col-100 elementor-top-column elementor-element elementor-element-84a8a48\" data-id=\"84a8a48\" data-element_type=\"column\">\n\t\t\t<div class=\"elementor-widget-wrap elementor-element-populated\">\n\t\t\t\t\t\t\t\t<div class=\"elementor-element elementor-element-b433301 elementor-widget elementor-widget-heading\" data-id=\"b433301\" data-element_type=\"widget\" data-widget_type=\"heading.default\">\n\t\t\t\t<div class=\"elementor-widget-container\">\n\t\t\t<h2 class=\"elementor-heading-title elementor-size-default\">Conditions g\u00e9n\u00e9rales d'utilisation<\/h2>\t\t<\/div>\n\t\t\t\t<\/div>\n\t\t\t\t\t<\/div>\n\t\t<\/div>\n\t\t\t\t\t\t\t<\/div>\n\t\t<\/section>\n\t\t\t\t<section class=\"elementor-section elementor-top-section elementor-element elementor-element-a4fb2d5 elementor-section-content-top elementor-section-boxed elementor-section-height-default elementor-section-height-default\" data-id=\"a4fb2d5\" data-element_type=\"section\" data-settings=\"{&quot;background_background&quot;:&quot;classic&quot;}\">\n\t\t\t\t\t\t<div class=\"elementor-container elementor-column-gap-no\">\n\t\t\t\t\t<div class=\"elementor-column elementor-col-100 elementor-top-column elementor-element elementor-element-381034a\" data-id=\"381034a\" data-element_type=\"column\">\n\t\t\t<div class=\"elementor-widget-wrap elementor-element-populated\">\n\t\t\t\t\t\t\t\t<div class=\"elementor-element elementor-element-49ac4ac elementor-widget elementor-widget-text-editor\" data-id=\"49ac4ac\" data-element_type=\"widget\" data-widget_type=\"text-editor.default\">\n\t\t\t\t<div class=\"elementor-widget-container\">\n\t\t\t\t\t\t\t<p>SOLIS TURIZEM UR\u0160KA PODGOR\u0160EK S.P.<br \/>MARIBORSKA CESTA 88 , 3000 CELJE, EU - SLOVENIJA<br \/>Num\u00e9ro de TVA : SI42339600, Num\u00e9ro d'enregistrement : 6011870000<\/p><p><strong>Conditions g\u00e9n\u00e9rales pour la fourniture de services d'h\u00e9bergement<\/strong><\/p><p><strong>1. CONTENU DE L'OFFRE<\/strong><br \/>SOLIS TURIZEM UR\u0160KA PODGOR\u0160EK S.P., Mariborska cesta 88, 3000 Celje, EU-Slovenija (dans la suite du texte, l'agence) assure le service d'h\u00e9bergement au client selon les informations disponibles sur le site www.solis-turizem.com, et \u00e9galement conform\u00e9ment \u00e0 la p\u00e9riode et aux d\u00e9tails de la r\u00e9servation confirm\u00e9e, sauf en cas de maladie ou de d\u00e9c\u00e8s de l'h\u00f4te ou de sa famille la plus proche ; et \u00e9galement l'agence n'est pas responsable des conditions de force majeure qui ne peuvent \u00eatre anticip\u00e9es ou \u00e9limin\u00e9es (catastrophes naturelles : tremblements de terre, inondations, incendies, s\u00e9cheresses, guerres, gr\u00e8ves, actes de terrorisme et restrictions \u00e9mises par le gouvernement : mobilisation, interdiction de sortie du pays).<\/p><p><strong>2. R\u00c9SERVATION ET PAIEMENT<\/strong><br \/>Les demandes et les r\u00e9servations de logement sont re\u00e7ues par voie \u00e9lectronique, par e-mail ou en personne dans les bureaux de l'agence.<br \/>Lors de la r\u00e9servation, le client confirme qu'il accepte int\u00e9gralement les conditions g\u00e9n\u00e9rales. En d'autres termes, tout ce qui est mentionn\u00e9 dans les conditions g\u00e9n\u00e9rales devient juridiquement contraignant tant pour le client que pour l'agence. L'agence fournit \u00e0 l'invit\u00e9 toutes les informations pertinentes pour le voyage, et lui propose \u00e9galement un paquet d'assurance voyage ainsi qu'une assurance annulation. Lors de la r\u00e9servation, le client est tenu de fournir toutes les informations n\u00e9cessaires \u00e0 la proc\u00e9dure de r\u00e9servation.<br \/>Pour confirmer la r\u00e9servation, il est n\u00e9cessaire de payer l'avance selon le mode de paiement. Le solde doit \u00eatre pay\u00e9 au moins 15 jours avant la date d'arriv\u00e9e ou directement \u00e0 l'h\u00f4te \u00e0 l'arriv\u00e9e. Le client est inform\u00e9 des modes de paiement lors de la confirmation de la r\u00e9servation.<\/p><p><strong>Le paiement peut \u00eatre effectu\u00e9 :<\/strong><\/p><p>- Paiement par compte bancaire<br \/>- PayPal<br \/>- Paiement en esp\u00e8ces<br \/>- par carte de cr\u00e9dit<\/p><p>\u00a0<\/p>\t\t\t\t\t\t<\/div>\n\t\t\t\t<\/div>\n\t\t\t\t\t<\/div>\n\t\t<\/div>\n\t\t\t\t\t\t\t<\/div>\n\t\t<\/section>\n\t\t\t\t\t\t\t<\/div>","protected":false},"excerpt":{"rendered":"<p>Conditions g\u00e9n\u00e9rales SOLIS TURIZEM UR\u0160KA PODGOR\u0160EK S.P.MARIBORSKA CESTA 88 , 3000 CELJE, EU - SLOVENIJAVAT No : SI42339600, Num\u00e9ro d'enregistrement : 6011870000 Conditions g\u00e9n\u00e9rales pour la prestation de services d'h\u00e9bergement 1. CONTENU DE L'OFFREOLIS TURIZEM UR\u0160KA PODGOR\u0160EK S.P., Mariborska cesta 88, 3000 Celje, EU-Slovenija (ci-apr\u00e8s d\u00e9nomm\u00e9e \"l'agence\") assure le service d'h\u00e9bergement au client conform\u00e9ment \u00e0 ...<\/p>\n<p class=\"read-more\"> <a class=\"\" href=\"https:\/\/solis-turizem.com\/fr\/general-terms-and-condition\/\"> <span class=\"screen-reader-text\">Conditions g\u00e9n\u00e9rales d'utilisation<\/span> Lire la suite \"<\/a><\/p>","protected":false},"author":1,"featured_media":0,"parent":0,"menu_order":0,"comment_status":"closed","ping_status":"closed","template":"","meta":{"site-sidebar-layout":"no-sidebar","site-content-layout":"page-builder","ast-global-header-display":"","ast-main-header-display":"","ast-hfb-above-header-display":"","ast-hfb-below-header-display":"","ast-hfb-mobile-header-display":"","site-post-title":"disabled","ast-breadcrumbs-content":"","ast-featured-img":"disabled","footer-sml-layout":"","theme-transparent-header-meta":"enabled","adv-header-id-meta":"","stick-header-meta":"","header-above-stick-meta":"","header-main-stick-meta":"","header-below-stick-meta":"","footnotes":""},"class_list":["post-928","page","type-page","status-publish","hentry"],"_links":{"self":[{"href":"https:\/\/solis-turizem.com\/fr\/wp-json\/wp\/v2\/pages\/928","targetHints":{"allow":["GET"]}}],"collection":[{"href":"https:\/\/solis-turizem.com\/fr\/wp-json\/wp\/v2\/pages"}],"about":[{"href":"https:\/\/solis-turizem.com\/fr\/wp-json\/wp\/v2\/types\/page"}],"author":[{"embeddable":true,"href":"https:\/\/solis-turizem.com\/fr\/wp-json\/wp\/v2\/users\/1"}],"replies":[{"embeddable":true,"href":"https:\/\/solis-turizem.com\/fr\/wp-json\/wp\/v2\/comments?post=928"}],"version-history":[{"count":0,"href":"https:\/\/solis-turizem.com\/fr\/wp-json\/wp\/v2\/pages\/928\/revisions"}],"wp:attachment":[{"href":"https:\/\/solis-turizem.com\/fr\/wp-json\/wp\/v2\/media?parent=928"}],"curies":[{"name":"wp","href":"https:\/\/api.w.org\/{rel}","templated":true}]}}