{"id":734,"date":"2021-03-23T12:45:51","date_gmt":"2021-03-23T12:45:51","guid":{"rendered":"https:\/\/solis-turizem.com\/?page_id=734"},"modified":"2021-03-25T10:36:19","modified_gmt":"2021-03-25T10:36:19","slug":"terms-of-use","status":"publish","type":"page","link":"https:\/\/solis-turizem.com\/it\/terms-of-use\/","title":{"rendered":"Condizioni d'uso"},"content":{"rendered":"<div data-elementor-type=\"wp-post\" data-elementor-id=\"734\" class=\"elementor elementor-734\">\n\t\t\t\t\t\t\t\t\t<section class=\"elementor-section elementor-top-section elementor-element elementor-element-298ec99 elementor-section-content-middle elementor-section-boxed elementor-section-height-default elementor-section-height-default\" data-id=\"298ec99\" data-element_type=\"section\" data-settings=\"{&quot;background_background&quot;:&quot;classic&quot;}\">\n\t\t\t\t\t\t\t<div class=\"elementor-background-overlay\"><\/div>\n\t\t\t\t\t\t\t<div class=\"elementor-container elementor-column-gap-no\">\n\t\t\t\t\t<div class=\"elementor-column elementor-col-100 elementor-top-column elementor-element elementor-element-428c03b\" data-id=\"428c03b\" data-element_type=\"column\">\n\t\t\t<div class=\"elementor-widget-wrap\">\n\t\t\t\t\t\t\t\t\t<\/div>\n\t\t<\/div>\n\t\t\t\t\t\t\t<\/div>\n\t\t<\/section>\n\t\t\t\t<section class=\"elementor-section elementor-top-section elementor-element elementor-element-3bf7016 elementor-section-content-middle elementor-section-boxed elementor-section-height-default elementor-section-height-default\" data-id=\"3bf7016\" data-element_type=\"section\">\n\t\t\t\t\t\t<div class=\"elementor-container elementor-column-gap-no\">\n\t\t\t\t\t<div class=\"elementor-column elementor-col-100 elementor-top-column elementor-element elementor-element-84a8a48\" data-id=\"84a8a48\" data-element_type=\"column\">\n\t\t\t<div class=\"elementor-widget-wrap elementor-element-populated\">\n\t\t\t\t\t\t\t\t<div class=\"elementor-element elementor-element-b433301 elementor-widget elementor-widget-heading\" data-id=\"b433301\" data-element_type=\"widget\" data-widget_type=\"heading.default\">\n\t\t\t\t<div class=\"elementor-widget-container\">\n\t\t\t<h2 class=\"elementor-heading-title elementor-size-default\">Condizioni d'uso<\/h2>\t\t<\/div>\n\t\t\t\t<\/div>\n\t\t\t\t\t<\/div>\n\t\t<\/div>\n\t\t\t\t\t\t\t<\/div>\n\t\t<\/section>\n\t\t\t\t<section class=\"elementor-section elementor-top-section elementor-element elementor-element-a4fb2d5 elementor-section-content-top elementor-section-boxed elementor-section-height-default elementor-section-height-default\" data-id=\"a4fb2d5\" data-element_type=\"section\" data-settings=\"{&quot;background_background&quot;:&quot;classic&quot;}\">\n\t\t\t\t\t\t<div class=\"elementor-container elementor-column-gap-no\">\n\t\t\t\t\t<div class=\"elementor-column elementor-col-100 elementor-top-column elementor-element elementor-element-381034a\" data-id=\"381034a\" data-element_type=\"column\">\n\t\t\t<div class=\"elementor-widget-wrap elementor-element-populated\">\n\t\t\t\t\t\t\t\t<div class=\"elementor-element elementor-element-49ac4ac elementor-widget elementor-widget-text-editor\" data-id=\"49ac4ac\" data-element_type=\"widget\" data-widget_type=\"text-editor.default\">\n\t\t\t\t<div class=\"elementor-widget-container\">\n\t\t\t\t\t\t\t<p>SOLIS TURIZEM UR\u0160KA PODGOR\u0160EK S.P.<br \/>MARIBORSKA CESTA 88 , 3000 CELJE, EU - SLOVENIJA<br \/>Partita IVA: SI42339600, Numero di registrazione: 6011870000<\/p><p><strong>Condizioni generali per la fornitura di servizi di alloggio<\/strong><\/p><p><strong>1. CONTENUTO DELL'OFFERTA<\/strong><br \/>SOLIS TURIZEM UR\u0160KA PODGOR\u0160EK S.P., Mariborska cesta 88, 3000 Celje, EU-Slovenija (in seguito l'agenzia) assicura il servizio di alloggio all'ospite secondo le informazioni disponibili sul sito www.solis-turizem.com, e anche in conformit\u00e0 con il periodo e i dettagli della prenotazione confermata, tranne in caso di malattia o morte dell'ospite o della sua famiglia pi\u00f9 stretta; e anche l'agenzia non \u00e8 responsabile per le condizioni di forza maggiore che non possono essere previste o eliminate (calamit\u00e0 naturali: terremoti, inondazioni, incendi, siccit\u00e0, guerre, scioperi, atti di terrorismo e restrizioni emesse dal governo: mobilitazione, divieto di uscire dal paese).<\/p><p><strong>2. PRENOTAZIONE E PAGAMENTO<\/strong><br \/>Le richieste e le prenotazioni di alloggio si ricevono per via elettronica, per e-mail o di persona negli uffici dell'agenzia.<br \/>Al momento della prenotazione, l'ospite conferma di accettare interamente le Condizioni generali. In altre parole, tutto ci\u00f2 che \u00e8 dichiarato nelle Condizioni Generali diventa legalmente vincolante sia per l'ospite che per l'agenzia. L'agenzia fornisce all'ospite tutte le informazioni rilevanti per il viaggio, e gli offre anche il pacchetto di assicurazione di viaggio e l'assicurazione di cancellazione. Al momento della prenotazione, l'ospite \u00e8 tenuto a fornire tutte le informazioni necessarie nella procedura di prenotazione.<br \/>Per confermare la prenotazione \u00e8 necessario pagare l'anticipo a seconda del metodo di pagamento. Il saldo deve essere pagato almeno 15 giorni prima della data di arrivo o direttamente all'ospite all'arrivo. L'ospite viene informato sulle modalit\u00e0 di pagamento durante la conferma della prenotazione.<\/p><p><strong>Il pagamento pu\u00f2 essere effettuato:<\/strong><\/p><p>- Pagamento tramite conto bancario<br \/>- PayPal<br \/>- Pagamento in contanti<br \/>- tramite carta di credito<\/p>\t\t\t\t\t\t<\/div>\n\t\t\t\t<\/div>\n\t\t\t\t\t<\/div>\n\t\t<\/div>\n\t\t\t\t\t\t\t<\/div>\n\t\t<\/section>\n\t\t\t\t\t\t\t<\/div>","protected":false},"excerpt":{"rendered":"<p>Condizioni d'uso SOLIS TURIZEM UR\u0160KA PODGOR\u0160EK S.P.MARIBORSKA CESTA 88 , 3000 CELJE, EU - SLOVENIJAVAT No: SI42339600, Numero di registrazione: 6011870000 Condizioni generali per la fornitura di servizi di alloggio 1. CONTENUTO DELLE OFFERTEOLIS TURIZEM UR\u0160KA PODGOR\u0160EK S.P., Mariborska cesta 88, 3000 Celje, EU-Slovenija (nel testo seguente l'agenzia) assicura il servizio di alloggio all'ospite secondo ...<\/p>\n<p class=\"read-more\"> <a class=\"\" href=\"https:\/\/solis-turizem.com\/it\/terms-of-use\/\"> <span class=\"screen-reader-text\">Condizioni d'uso<\/span> Leggi tutto \"<\/a><\/p>","protected":false},"author":1,"featured_media":0,"parent":0,"menu_order":0,"comment_status":"closed","ping_status":"closed","template":"","meta":{"site-sidebar-layout":"no-sidebar","site-content-layout":"page-builder","ast-global-header-display":"","ast-main-header-display":"","ast-hfb-above-header-display":"","ast-hfb-below-header-display":"","ast-hfb-mobile-header-display":"","site-post-title":"disabled","ast-breadcrumbs-content":"","ast-featured-img":"disabled","footer-sml-layout":"","theme-transparent-header-meta":"enabled","adv-header-id-meta":"","stick-header-meta":"","header-above-stick-meta":"","header-main-stick-meta":"","header-below-stick-meta":"","footnotes":""},"class_list":["post-734","page","type-page","status-publish","hentry"],"_links":{"self":[{"href":"https:\/\/solis-turizem.com\/it\/wp-json\/wp\/v2\/pages\/734","targetHints":{"allow":["GET"]}}],"collection":[{"href":"https:\/\/solis-turizem.com\/it\/wp-json\/wp\/v2\/pages"}],"about":[{"href":"https:\/\/solis-turizem.com\/it\/wp-json\/wp\/v2\/types\/page"}],"author":[{"embeddable":true,"href":"https:\/\/solis-turizem.com\/it\/wp-json\/wp\/v2\/users\/1"}],"replies":[{"embeddable":true,"href":"https:\/\/solis-turizem.com\/it\/wp-json\/wp\/v2\/comments?post=734"}],"version-history":[{"count":0,"href":"https:\/\/solis-turizem.com\/it\/wp-json\/wp\/v2\/pages\/734\/revisions"}],"wp:attachment":[{"href":"https:\/\/solis-turizem.com\/it\/wp-json\/wp\/v2\/media?parent=734"}],"curies":[{"name":"wp","href":"https:\/\/api.w.org\/{rel}","templated":true}]}}